{"id":10,"date":"2025-07-29T16:24:40","date_gmt":"2025-07-29T16:24:40","guid":{"rendered":"https:\/\/kbgtraduction.com\/?page_id=10"},"modified":"2025-07-29T16:37:49","modified_gmt":"2025-07-29T16:37:49","slug":"home","status":"publish","type":"page","link":"https:\/\/kbgtraduction.com\/","title":{"rendered":"KBG"},"content":{"rendered":"\n<p><strong>Bienvenue KBG Traduction \u2014 Traductions professionnelles multilingues<\/strong><\/p>\n\n\n\n<p>Chez <strong><strong>KBG Traduction<\/strong><\/strong>, nous donnons vie \u00e0 vos mots dans les langues du monde.<\/p>\n\n\n\n<p>Sp\u00e9cialis\u00e9s en <strong>anglais, fran\u00e7ais, italien<\/strong> et <strong>espagnol<\/strong>, nous offrons des services de traduction de haute qualit\u00e9, adapt\u00e9s \u00e0 vos besoins professionnels, techniques ou personnels. Notre \u00e9quipe de traducteurs exp\u00e9riment\u00e9s travaille avec rigueur, sensibilit\u00e9 culturelle et un souci constant de pr\u00e9cision.<\/p>\n\n\n\n<h3 class=\"wp-block-heading\"><strong>Pourquoi choisir <strong>KBG Traduction<\/strong>?<\/strong><\/h3>\n\n\n\n<ul class=\"wp-block-list\">\n<li>\u2726 <strong>Traduction humaine et contextualis\u00e9e<\/strong><br>Chaque mot compte. Nous allons au-del\u00e0 de la simple conversion linguistique en adaptant le ton, le style et les nuances culturelles.<\/li>\n\n\n\n<li>\u2726 <strong>Expertise multilingue<\/strong><br>Notre r\u00e9seau de linguistes qualifi\u00e9s couvre un vaste \u00e9ventail de domaines : marketing, juridique, m\u00e9dical, technique, tourisme, etc.<\/li>\n\n\n\n<li>\u2726 <strong>D\u00e9lais respect\u00e9s, qualit\u00e9 assur\u00e9e<\/strong><br>Nous livrons des traductions fid\u00e8les et fluides, dans les temps.<\/li>\n\n\n\n<li>\u2726 <strong>Service personnalis\u00e9<\/strong><br>Que vous soyez une entreprise, un organisme ou un particulier, nous vous accompagnons avec souplesse et r\u00e9activit\u00e9.<\/li>\n<\/ul>\n\n\n\n<hr class=\"wp-block-separator has-alpha-channel-opacity\"\/>\n\n\n\n<h3 class=\"wp-block-heading\"><strong>Nos langues de sp\u00e9cialit\u00e9<\/strong><\/h3>\n\n\n\n<p>\ud83c\udf0d <strong>Anglais \u2013 Fran\u00e7ais \u2013 Italien \u2013 Espagnol<\/strong><br>Nous traduisons dans toutes les combinaisons entre ces langues, en respectant les variantes r\u00e9gionales (canadien, europ\u00e9en, latin-am\u00e9ricain, etc.).<\/p>\n\n\n\n<hr class=\"wp-block-separator has-alpha-channel-opacity\"\/>\n\n\n\n<h3 class=\"wp-block-heading\"><strong>Demandez une soumission gratuite<\/strong><\/h3>\n\n\n\n<p>Un document \u00e0 traduire\u202f? Une id\u00e9e \u00e0 valider\u202f?<br>Notre \u00e9quipe est l\u00e0 pour vous guider.<br>\ud83d\udce9 <strong>Contactez-nous d\u00e8s aujourd\u2019hui.<\/strong><\/p>\n","protected":false},"excerpt":{"rendered":"<p>Bienvenue KBG Traduction \u2014 Traductions professionnelles multilingues Chez KBG Traduction, nous donnons vie \u00e0 vos mots dans les langues du monde. Sp\u00e9cialis\u00e9s en anglais, fran\u00e7ais, italien et espagnol, nous offrons des services de traduction de haute qualit\u00e9, adapt\u00e9s \u00e0 vos besoins professionnels, techniques ou personnels. Notre \u00e9quipe de traducteurs exp\u00e9riment\u00e9s travaille avec rigueur, sensibilit\u00e9 culturelle &hellip; <\/p>\n<p class=\"link-more\"><a href=\"https:\/\/kbgtraduction.com\/\" class=\"more-link\">Continue reading<span class=\"screen-reader-text\"> &#8220;KBG&#8221;<\/span><\/a><\/p>\n","protected":false},"author":1,"featured_media":0,"parent":0,"menu_order":0,"comment_status":"closed","ping_status":"closed","template":"","meta":{"footnotes":""},"class_list":["post-10","page","type-page","status-publish","hentry"],"yoast_head":"<!-- This site is optimized with the Yoast SEO plugin v25.6 - https:\/\/yoast.com\/wordpress\/plugins\/seo\/ -->\n<title>KBG - KBG Traduction<\/title>\n<meta name=\"robots\" content=\"index, follow, max-snippet:-1, max-image-preview:large, max-video-preview:-1\" \/>\n<link rel=\"canonical\" href=\"https:\/\/kbgtraduction.com\/\" \/>\n<meta property=\"og:locale\" content=\"en_US\" \/>\n<meta property=\"og:type\" content=\"article\" \/>\n<meta property=\"og:title\" content=\"KBG - KBG Traduction\" \/>\n<meta property=\"og:description\" content=\"Bienvenue KBG Traduction \u2014 Traductions professionnelles multilingues Chez KBG Traduction, nous donnons vie \u00e0 vos mots dans les langues du monde. Sp\u00e9cialis\u00e9s en anglais, fran\u00e7ais, italien et espagnol, nous offrons des services de traduction de haute qualit\u00e9, adapt\u00e9s \u00e0 vos besoins professionnels, techniques ou personnels. Notre \u00e9quipe de traducteurs exp\u00e9riment\u00e9s travaille avec rigueur, sensibilit\u00e9 culturelle &hellip; Continue reading &quot;KBG&quot;\" \/>\n<meta property=\"og:url\" content=\"https:\/\/kbgtraduction.com\/\" \/>\n<meta property=\"og:site_name\" content=\"KBG Traduction\" \/>\n<meta property=\"article:modified_time\" content=\"2025-07-29T16:37:49+00:00\" \/>\n<meta name=\"twitter:card\" content=\"summary_large_image\" \/>\n<meta name=\"twitter:label1\" content=\"Est. reading time\" \/>\n\t<meta name=\"twitter:data1\" content=\"1 minute\" \/>\n<script type=\"application\/ld+json\" class=\"yoast-schema-graph\">{\"@context\":\"https:\/\/schema.org\",\"@graph\":[{\"@type\":\"WebPage\",\"@id\":\"https:\/\/kbgtraduction.com\/\",\"url\":\"https:\/\/kbgtraduction.com\/\",\"name\":\"KBG - KBG Traduction\",\"isPartOf\":{\"@id\":\"https:\/\/kbgtraduction.com\/#website\"},\"datePublished\":\"2025-07-29T16:24:40+00:00\",\"dateModified\":\"2025-07-29T16:37:49+00:00\",\"breadcrumb\":{\"@id\":\"https:\/\/kbgtraduction.com\/#breadcrumb\"},\"inLanguage\":\"en-US\",\"potentialAction\":[{\"@type\":\"ReadAction\",\"target\":[\"https:\/\/kbgtraduction.com\/\"]}]},{\"@type\":\"BreadcrumbList\",\"@id\":\"https:\/\/kbgtraduction.com\/#breadcrumb\",\"itemListElement\":[{\"@type\":\"ListItem\",\"position\":1,\"name\":\"Home\",\"item\":\"https:\/\/kbgtraduction.com\/\"},{\"@type\":\"ListItem\",\"position\":2,\"name\":\"KBG\"}]},{\"@type\":\"WebSite\",\"@id\":\"https:\/\/kbgtraduction.com\/#website\",\"url\":\"https:\/\/kbgtraduction.com\/\",\"name\":\"KBG Traduction\",\"description\":\"\",\"potentialAction\":[{\"@type\":\"SearchAction\",\"target\":{\"@type\":\"EntryPoint\",\"urlTemplate\":\"https:\/\/kbgtraduction.com\/?s={search_term_string}\"},\"query-input\":{\"@type\":\"PropertyValueSpecification\",\"valueRequired\":true,\"valueName\":\"search_term_string\"}}],\"inLanguage\":\"en-US\"}]}<\/script>\n<!-- \/ Yoast SEO plugin. -->","yoast_head_json":{"title":"KBG - KBG Traduction","robots":{"index":"index","follow":"follow","max-snippet":"max-snippet:-1","max-image-preview":"max-image-preview:large","max-video-preview":"max-video-preview:-1"},"canonical":"https:\/\/kbgtraduction.com\/","og_locale":"en_US","og_type":"article","og_title":"KBG - KBG Traduction","og_description":"Bienvenue KBG Traduction \u2014 Traductions professionnelles multilingues Chez KBG Traduction, nous donnons vie \u00e0 vos mots dans les langues du monde. Sp\u00e9cialis\u00e9s en anglais, fran\u00e7ais, italien et espagnol, nous offrons des services de traduction de haute qualit\u00e9, adapt\u00e9s \u00e0 vos besoins professionnels, techniques ou personnels. Notre \u00e9quipe de traducteurs exp\u00e9riment\u00e9s travaille avec rigueur, sensibilit\u00e9 culturelle &hellip; Continue reading \"KBG\"","og_url":"https:\/\/kbgtraduction.com\/","og_site_name":"KBG Traduction","article_modified_time":"2025-07-29T16:37:49+00:00","twitter_card":"summary_large_image","twitter_misc":{"Est. reading time":"1 minute"},"schema":{"@context":"https:\/\/schema.org","@graph":[{"@type":"WebPage","@id":"https:\/\/kbgtraduction.com\/","url":"https:\/\/kbgtraduction.com\/","name":"KBG - KBG Traduction","isPartOf":{"@id":"https:\/\/kbgtraduction.com\/#website"},"datePublished":"2025-07-29T16:24:40+00:00","dateModified":"2025-07-29T16:37:49+00:00","breadcrumb":{"@id":"https:\/\/kbgtraduction.com\/#breadcrumb"},"inLanguage":"en-US","potentialAction":[{"@type":"ReadAction","target":["https:\/\/kbgtraduction.com\/"]}]},{"@type":"BreadcrumbList","@id":"https:\/\/kbgtraduction.com\/#breadcrumb","itemListElement":[{"@type":"ListItem","position":1,"name":"Home","item":"https:\/\/kbgtraduction.com\/"},{"@type":"ListItem","position":2,"name":"KBG"}]},{"@type":"WebSite","@id":"https:\/\/kbgtraduction.com\/#website","url":"https:\/\/kbgtraduction.com\/","name":"KBG Traduction","description":"","potentialAction":[{"@type":"SearchAction","target":{"@type":"EntryPoint","urlTemplate":"https:\/\/kbgtraduction.com\/?s={search_term_string}"},"query-input":{"@type":"PropertyValueSpecification","valueRequired":true,"valueName":"search_term_string"}}],"inLanguage":"en-US"}]}},"_links":{"self":[{"href":"https:\/\/kbgtraduction.com\/index.php?rest_route=\/wp\/v2\/pages\/10","targetHints":{"allow":["GET"]}}],"collection":[{"href":"https:\/\/kbgtraduction.com\/index.php?rest_route=\/wp\/v2\/pages"}],"about":[{"href":"https:\/\/kbgtraduction.com\/index.php?rest_route=\/wp\/v2\/types\/page"}],"author":[{"embeddable":true,"href":"https:\/\/kbgtraduction.com\/index.php?rest_route=\/wp\/v2\/users\/1"}],"replies":[{"embeddable":true,"href":"https:\/\/kbgtraduction.com\/index.php?rest_route=%2Fwp%2Fv2%2Fcomments&post=10"}],"version-history":[{"count":2,"href":"https:\/\/kbgtraduction.com\/index.php?rest_route=\/wp\/v2\/pages\/10\/revisions"}],"predecessor-version":[{"id":34,"href":"https:\/\/kbgtraduction.com\/index.php?rest_route=\/wp\/v2\/pages\/10\/revisions\/34"}],"wp:attachment":[{"href":"https:\/\/kbgtraduction.com\/index.php?rest_route=%2Fwp%2Fv2%2Fmedia&parent=10"}],"curies":[{"name":"wp","href":"https:\/\/api.w.org\/{rel}","templated":true}]}}